{"id":11962,"date":"2025-11-08T20:02:52","date_gmt":"2025-11-09T01:02:52","guid":{"rendered":"https:\/\/geotecnicasdelnorte.com\/sas\/?page_id=11962"},"modified":"2025-11-24T22:51:35","modified_gmt":"2025-11-25T03:51:35","slug":"venta-de-sonido","status":"publish","type":"page","link":"https:\/\/mundoelectronico.com.co\/tv\/venta-de-sonido\/","title":{"rendered":"Venta de Sonido"},"content":{"rendered":"\t\t<div data-elementor-type=\"wp-page\" data-elementor-id=\"11962\" class=\"elementor elementor-11962\">\n\t\t\t\t\t\t<section data-uael-partstyle=\"nasa\" data-uael-partcolor=\"\" data-uael-partopacity=\"\" data-uael-partdirection=\"bottom\" class=\"elementor-section elementor-top-section elementor-element elementor-element-30bce49 elementor-section-full_width elementor-section-height-min-height elementor-section-stretched uael-particle-yes elementor-section-height-default elementor-section-items-middle uael-particle-adv-no\" data-id=\"30bce49\" data-element_type=\"section\" data-settings=\"{&quot;stretch_section&quot;:&quot;section-stretched&quot;,&quot;background_background&quot;:&quot;video&quot;,&quot;background_play_on_mobile&quot;:&quot;yes&quot;,&quot;background_video_link&quot;:&quot;https:\\\/\\\/www.youtube.com\\\/watch?v=r5jMbsa2kz8&amp;t=266s&quot;,&quot;background_video_start&quot;:747,&quot;background_video_end&quot;:815}\">\n\t\t\t\t\t\t\t\t<div class=\"elementor-background-video-container\" aria-hidden=\"true\">\n\t\t\t\t\t\t\t\t\t\t\t\t\t<div class=\"elementor-background-video-embed\"><\/div>\n\t\t\t\t\t\t\t\t\t\t\t\t<\/div>\n\t\t\t\t\t\t\t\t\t<div class=\"elementor-background-overlay\"><\/div>\n\t\t\t\t\t\t\t<div class=\"elementor-container elementor-column-gap-default\">\n\t\t\t\t\t<div class=\"elementor-column elementor-col-100 elementor-top-column elementor-element elementor-element-39d4587\" data-id=\"39d4587\" data-element_type=\"column\">\n\t\t\t<div class=\"elementor-widget-wrap elementor-element-populated\">\n\t\t\t\t\t\t<div class=\"elementor-element elementor-element-0a02280 elementor-widget elementor-widget-heading\" data-id=\"0a02280\" data-element_type=\"widget\" data-widget_type=\"heading.default\">\n\t\t\t\t<div class=\"elementor-widget-container\">\n\t\t\t\t\t<h2 class=\"elementor-heading-title elementor-size-default\">Venta de Sonido<\/h2>\t\t\t\t<\/div>\n\t\t\t\t<\/div>\n\t\t\t\t\t<\/div>\n\t\t<\/div>\n\t\t\t\t\t<\/div>\n\t\t<\/section>\n\t\t\t\t<section class=\"elementor-section elementor-top-section elementor-element elementor-element-ffc4707 elementor-section-full_width elementor-section-stretched elementor-section-height-default elementor-section-height-default\" data-id=\"ffc4707\" data-element_type=\"section\" data-settings=\"{&quot;stretch_section&quot;:&quot;section-stretched&quot;,&quot;background_background&quot;:&quot;classic&quot;}\">\n\t\t\t\t\t\t<div class=\"elementor-container elementor-column-gap-default\">\n\t\t\t\t\t<div class=\"elementor-column elementor-col-100 elementor-top-column elementor-element elementor-element-009f060\" data-id=\"009f060\" data-element_type=\"column\">\n\t\t\t<div class=\"elementor-widget-wrap elementor-element-populated\">\n\t\t\t\t\t\t<section class=\"elementor-section elementor-inner-section elementor-element elementor-element-d7b10fa elementor-section-boxed elementor-section-height-default elementor-section-height-default\" data-id=\"d7b10fa\" data-element_type=\"section\">\n\t\t\t\t\t\t<div class=\"elementor-container elementor-column-gap-wider\">\n\t\t\t\t\t<div class=\"elementor-column elementor-col-50 elementor-inner-column elementor-element elementor-element-659f60f elementor-invisible\" data-id=\"659f60f\" data-element_type=\"column\" data-settings=\"{&quot;animation&quot;:&quot;fadeInLeft&quot;,&quot;animation_delay&quot;:500}\">\n\t\t\t<div class=\"elementor-widget-wrap elementor-element-populated\">\n\t\t\t\t\t\t<div class=\"elementor-element elementor-element-04dd20a uael-img-carousel-arrow-inside uael-ins-normal elementor-widget elementor-widget-uael-image-gallery\" data-id=\"04dd20a\" data-element_type=\"widget\" data-settings=\"{&quot;slides_to_show&quot;:1,&quot;slides_to_scroll&quot;:0,&quot;slides_to_show_tablet&quot;:3,&quot;slides_to_show_mobile&quot;:2,&quot;slides_to_scroll_tablet&quot;:1,&quot;slides_to_scroll_mobile&quot;:1,&quot;column_gap&quot;:{&quot;unit&quot;:&quot;px&quot;,&quot;size&quot;:20,&quot;sizes&quot;:[]},&quot;column_gap_tablet&quot;:{&quot;unit&quot;:&quot;px&quot;,&quot;size&quot;:&quot;&quot;,&quot;sizes&quot;:[]},&quot;column_gap_mobile&quot;:{&quot;unit&quot;:&quot;px&quot;,&quot;size&quot;:&quot;&quot;,&quot;sizes&quot;:[]}}\" data-widget_type=\"uael-image-gallery.default\">\n\t\t\t\t<div class=\"elementor-widget-container\">\n\t\t\t\t\t<div class=\"uael-gallery-parent uael-caption- uael-gallery-unjustified\"><div data-image_carousel=\"{&quot;slidesToShow&quot;:1,&quot;slidesToScroll&quot;:1,&quot;autoplaySpeed&quot;:5000,&quot;autoplay&quot;:true,&quot;infinite&quot;:true,&quot;pauseOnHover&quot;:true,&quot;speed&quot;:400,&quot;arrows&quot;:true,&quot;dots&quot;:false,&quot;rtl&quot;:false,&quot;responsive&quot;:[{&quot;breakpoint&quot;:1024,&quot;settings&quot;:{&quot;slidesToShow&quot;:3,&quot;slidesToScroll&quot;:1}},{&quot;breakpoint&quot;:767,&quot;settings&quot;:{&quot;slidesToShow&quot;:2,&quot;slidesToScroll&quot;:1}}]}\" class=\"uael-img-gallery-wrap uael-img-carousel-wrap uael-nav-arrows\" data-filter-default=\"All\"><div class=\"uael-grid-item  uael-img-gallery-item-1\"><div class=\"uael-grid-item-content\"><figure class=\"uael-grid-img uael-grid-gallery-img uael-ins-hover elementor-clickable\"><div class=\"uael-grid-img-thumbnail uael-ins-target\"><img fetchpriority=\"high\" decoding=\"async\" width=\"749\" height=\"563\" src=\"https:\/\/mundoelectronico.com.co\/tv\/wp-content\/uploads\/2025\/11\/venta_sonido_1.jpg\" class=\"attachment-full size-full wp-image-12348\" alt=\"\" srcset=\"https:\/\/mundoelectronico.com.co\/tv\/wp-content\/uploads\/2025\/11\/venta_sonido_1.jpg 749w, https:\/\/mundoelectronico.com.co\/tv\/wp-content\/uploads\/2025\/11\/venta_sonido_1-300x226.jpg 300w\" sizes=\"(max-width: 749px) 100vw, 749px\" \/><\/div><div class=\"uael-grid-img-overlay\"><\/div><\/figure><\/div><\/div><div class=\"uael-grid-item  uael-img-gallery-item-2\"><div class=\"uael-grid-item-content\"><figure class=\"uael-grid-img uael-grid-gallery-img uael-ins-hover elementor-clickable\"><div class=\"uael-grid-img-thumbnail uael-ins-target\"><img decoding=\"async\" width=\"749\" height=\"563\" src=\"https:\/\/mundoelectronico.com.co\/tv\/wp-content\/uploads\/2025\/11\/venta_sonido_3.jpg\" class=\"attachment-full size-full wp-image-12347\" alt=\"\" srcset=\"https:\/\/mundoelectronico.com.co\/tv\/wp-content\/uploads\/2025\/11\/venta_sonido_3.jpg 749w, https:\/\/mundoelectronico.com.co\/tv\/wp-content\/uploads\/2025\/11\/venta_sonido_3-300x226.jpg 300w\" sizes=\"(max-width: 749px) 100vw, 749px\" \/><\/div><div class=\"uael-grid-img-overlay\"><\/div><\/figure><\/div><\/div><div class=\"uael-grid-item  uael-img-gallery-item-3\"><div class=\"uael-grid-item-content\"><figure class=\"uael-grid-img uael-grid-gallery-img uael-ins-hover elementor-clickable\"><div class=\"uael-grid-img-thumbnail uael-ins-target\"><img decoding=\"async\" width=\"749\" height=\"563\" src=\"https:\/\/mundoelectronico.com.co\/tv\/wp-content\/uploads\/2025\/11\/venta_sonido_2.jpg\" class=\"attachment-full size-full wp-image-12349\" alt=\"\" srcset=\"https:\/\/mundoelectronico.com.co\/tv\/wp-content\/uploads\/2025\/11\/venta_sonido_2.jpg 749w, https:\/\/mundoelectronico.com.co\/tv\/wp-content\/uploads\/2025\/11\/venta_sonido_2-300x226.jpg 300w\" sizes=\"(max-width: 749px) 100vw, 749px\" \/><\/div><div class=\"uael-grid-img-overlay\"><\/div><\/figure><\/div><\/div><\/div><\/div>\t\t\t\t<\/div>\n\t\t\t\t<\/div>\n\t\t\t\t\t<\/div>\n\t\t<\/div>\n\t\t\t\t<div class=\"elementor-column elementor-col-50 elementor-inner-column elementor-element elementor-element-447a5e3 elementor-invisible\" data-id=\"447a5e3\" data-element_type=\"column\" data-settings=\"{&quot;animation&quot;:&quot;fadeInRight&quot;,&quot;animation_delay&quot;:800}\">\n\t\t\t<div class=\"elementor-widget-wrap elementor-element-populated\">\n\t\t\t\t\t\t<div class=\"elementor-element elementor-element-cd4b9cb elementor-widget elementor-widget-text-editor\" data-id=\"cd4b9cb\" data-element_type=\"widget\" data-widget_type=\"text-editor.default\">\n\t\t\t\t<div class=\"elementor-widget-container\">\n\t\t\t\t\t\t\t\t\t<p style=\"text-align: justify;\" data-start=\"188\" data-end=\"681\">En <em data-start=\"191\" data-end=\"210\">Mundo Electr\u00f3nico<\/em> ofrecemos una completa l\u00ednea de equipos de sonido dise\u00f1ados para brindar potencia, claridad y rendimiento en diferentes ambientes. Contamos con parlantes, amplificadores, barras de sonido, subwoofers, minicomponentes, sistemas de audio para hogares, oficinas y negocios, as\u00ed como equipos port\u00e1tiles ideales para eventos, reuniones y actividades al aire libre. Trabajamos con marcas reconocidas y productos seleccionados por su calidad, durabilidad y excelente desempe\u00f1o.<\/p>\t\t\t\t\t\t\t\t<\/div>\n\t\t\t\t<\/div>\n\t\t\t\t\t<\/div>\n\t\t<\/div>\n\t\t\t\t\t<\/div>\n\t\t<\/section>\n\t\t\t\t<section class=\"elementor-section elementor-inner-section elementor-element elementor-element-ceed415 elementor-section-boxed elementor-section-height-default elementor-section-height-default\" data-id=\"ceed415\" data-element_type=\"section\">\n\t\t\t\t\t\t<div class=\"elementor-container elementor-column-gap-wider\">\n\t\t\t\t\t<div class=\"elementor-column elementor-col-100 elementor-inner-column elementor-element elementor-element-4ea18f7 elementor-invisible\" data-id=\"4ea18f7\" data-element_type=\"column\" data-settings=\"{&quot;animation&quot;:&quot;fadeInRight&quot;,&quot;animation_delay&quot;:800}\">\n\t\t\t<div class=\"elementor-widget-wrap elementor-element-populated\">\n\t\t\t\t\t\t<div class=\"elementor-element elementor-element-49e5de5 elementor-widget elementor-widget-text-editor\" data-id=\"49e5de5\" data-element_type=\"widget\" data-widget_type=\"text-editor.default\">\n\t\t\t\t<div class=\"elementor-widget-container\">\n\t\t\t\t\t\t\t\t\t<p style=\"text-align: justify;\" data-start=\"683\" data-end=\"1133\">Nuestro equipo te asesora para elegir el sistema de sonido que mejor se adapte a tus necesidades, ya sea que busques mejorar el audio de tu televisor, instalar sonido ambiental, reforzar sistemas de audio profesional o simplemente disfrutar de una experiencia auditiva de alta fidelidad. Te orientamos en potencia, conectividad, compatibilidad, aplicaciones y funciones modernas como Bluetooth, USB, streaming, control remoto y modos de ecualizaci\u00f3n.<\/p><p style=\"text-align: justify;\" data-start=\"1135\" data-end=\"1410\">Cada producto es entregado probado, con garant\u00eda y con la configuraci\u00f3n inicial para asegurar un funcionamiento \u00f3ptimo desde el primer momento. Tambi\u00e9n ofrecemos instalaci\u00f3n cuando el cliente lo requiere, garantizando un montaje seguro y una correcta distribuci\u00f3n del sonido.<\/p><p style=\"text-align: justify;\" data-start=\"1412\" data-end=\"1578\">Nuestro objetivo es brindarte soluciones de audio confiables, modernas y al mejor precio, manteniendo la calidad y el respaldo que caracterizan a <em data-start=\"1558\" data-end=\"1577\">Mundo Electr\u00f3nico<\/em>.<\/p>\t\t\t\t\t\t\t\t<\/div>\n\t\t\t\t<\/div>\n\t\t\t\t\t<\/div>\n\t\t<\/div>\n\t\t\t\t\t<\/div>\n\t\t<\/section>\n\t\t\t\t\t<\/div>\n\t\t<\/div>\n\t\t\t\t\t<\/div>\n\t\t<\/section>\n\t\t\t\t<section class=\"elementor-section elementor-top-section elementor-element elementor-element-e53471e elementor-section-boxed elementor-section-height-default elementor-section-height-default elementor-invisible\" data-id=\"e53471e\" data-element_type=\"section\" data-settings=\"{&quot;animation&quot;:&quot;fadeInLeft&quot;,&quot;animation_delay&quot;:500}\">\n\t\t\t\t\t\t<div class=\"elementor-container elementor-column-gap-default\">\n\t\t\t\t\t<div class=\"elementor-column elementor-col-100 elementor-top-column elementor-element elementor-element-7e4db4b\" data-id=\"7e4db4b\" data-element_type=\"column\">\n\t\t\t<div class=\"elementor-widget-wrap elementor-element-populated\">\n\t\t\t\t\t\t<div class=\"elementor-element elementor-element-1a64810 elementor-widget elementor-widget-heading\" data-id=\"1a64810\" data-element_type=\"widget\" data-widget_type=\"heading.default\">\n\t\t\t\t<div class=\"elementor-widget-container\">\n\t\t\t\t\t<h2 class=\"elementor-heading-title elementor-size-default\">Soporte especializado para las principales marcas de TV<\/h2>\t\t\t\t<\/div>\n\t\t\t\t<\/div>\n\t\t\t\t\t<\/div>\n\t\t<\/div>\n\t\t\t\t\t<\/div>\n\t\t<\/section>\n\t\t\t\t<section class=\"elementor-section elementor-top-section elementor-element elementor-element-5d02465 elementor-section-boxed elementor-section-height-default elementor-section-height-default elementor-invisible\" data-id=\"5d02465\" data-element_type=\"section\" data-settings=\"{&quot;animation&quot;:&quot;fadeInRight&quot;,&quot;animation_delay&quot;:800}\">\n\t\t\t\t\t\t<div class=\"elementor-container elementor-column-gap-default\">\n\t\t\t\t\t<div class=\"elementor-column elementor-col-100 elementor-top-column elementor-element elementor-element-775a212\" data-id=\"775a212\" data-element_type=\"column\">\n\t\t\t<div class=\"elementor-widget-wrap elementor-element-populated\">\n\t\t\t\t\t\t<div class=\"elementor-element elementor-element-523b4ef uael-img-carousel-arrow-inside uael-ins-normal elementor-widget elementor-widget-uael-image-gallery\" data-id=\"523b4ef\" data-element_type=\"widget\" data-settings=\"{&quot;slides_to_scroll&quot;:0,&quot;slides_to_show&quot;:4,&quot;slides_to_show_tablet&quot;:3,&quot;slides_to_show_mobile&quot;:2,&quot;slides_to_scroll_tablet&quot;:1,&quot;slides_to_scroll_mobile&quot;:1,&quot;column_gap&quot;:{&quot;unit&quot;:&quot;px&quot;,&quot;size&quot;:20,&quot;sizes&quot;:[]},&quot;column_gap_tablet&quot;:{&quot;unit&quot;:&quot;px&quot;,&quot;size&quot;:&quot;&quot;,&quot;sizes&quot;:[]},&quot;column_gap_mobile&quot;:{&quot;unit&quot;:&quot;px&quot;,&quot;size&quot;:&quot;&quot;,&quot;sizes&quot;:[]}}\" data-widget_type=\"uael-image-gallery.default\">\n\t\t\t\t<div class=\"elementor-widget-container\">\n\t\t\t\t\t<div class=\"uael-gallery-parent uael-caption- uael-gallery-unjustified\"><div data-image_carousel=\"{&quot;slidesToShow&quot;:4,&quot;slidesToScroll&quot;:1,&quot;autoplaySpeed&quot;:5000,&quot;autoplay&quot;:true,&quot;infinite&quot;:true,&quot;pauseOnHover&quot;:true,&quot;speed&quot;:400,&quot;arrows&quot;:true,&quot;dots&quot;:false,&quot;rtl&quot;:false,&quot;responsive&quot;:[{&quot;breakpoint&quot;:1024,&quot;settings&quot;:{&quot;slidesToShow&quot;:3,&quot;slidesToScroll&quot;:1}},{&quot;breakpoint&quot;:767,&quot;settings&quot;:{&quot;slidesToShow&quot;:2,&quot;slidesToScroll&quot;:1}}]}\" class=\"uael-img-gallery-wrap uael-img-carousel-wrap uael-nav-arrows\" data-filter-default=\"All\"><div class=\"uael-grid-item  uael-img-gallery-item-1\"><div class=\"uael-grid-item-content\"><figure class=\"uael-grid-img uael-grid-gallery-img uael-ins-hover elementor-clickable\"><div class=\"uael-grid-img-thumbnail uael-ins-target\"><img loading=\"lazy\" decoding=\"async\" width=\"401\" height=\"301\" src=\"https:\/\/mundoelectronico.com.co\/tv\/wp-content\/uploads\/2025\/11\/logo-servicio-tecnico-lg-carusel.webp\" class=\"attachment-full size-full wp-image-12514\" alt=\"\" srcset=\"https:\/\/mundoelectronico.com.co\/tv\/wp-content\/uploads\/2025\/11\/logo-servicio-tecnico-lg-carusel.webp 401w, https:\/\/mundoelectronico.com.co\/tv\/wp-content\/uploads\/2025\/11\/logo-servicio-tecnico-lg-carusel-300x225.webp 300w\" sizes=\"(max-width: 401px) 100vw, 401px\" \/><\/div><div class=\"uael-grid-img-overlay\"><\/div><\/figure><\/div><\/div><div class=\"uael-grid-item  uael-img-gallery-item-2\"><div class=\"uael-grid-item-content\"><figure class=\"uael-grid-img uael-grid-gallery-img uael-ins-hover elementor-clickable\"><div class=\"uael-grid-img-thumbnail uael-ins-target\"><img loading=\"lazy\" decoding=\"async\" width=\"401\" height=\"301\" src=\"https:\/\/mundoelectronico.com.co\/tv\/wp-content\/uploads\/2025\/11\/logo-servicio-tecnico-samsung-carusel.webp\" class=\"attachment-full size-full wp-image-12513\" alt=\"\" srcset=\"https:\/\/mundoelectronico.com.co\/tv\/wp-content\/uploads\/2025\/11\/logo-servicio-tecnico-samsung-carusel.webp 401w, https:\/\/mundoelectronico.com.co\/tv\/wp-content\/uploads\/2025\/11\/logo-servicio-tecnico-samsung-carusel-300x225.webp 300w\" sizes=\"(max-width: 401px) 100vw, 401px\" \/><\/div><div class=\"uael-grid-img-overlay\"><\/div><\/figure><\/div><\/div><div class=\"uael-grid-item  uael-img-gallery-item-3\"><div class=\"uael-grid-item-content\"><figure class=\"uael-grid-img uael-grid-gallery-img uael-ins-hover elementor-clickable\"><div class=\"uael-grid-img-thumbnail uael-ins-target\"><img loading=\"lazy\" decoding=\"async\" width=\"401\" height=\"301\" src=\"https:\/\/mundoelectronico.com.co\/tv\/wp-content\/uploads\/2025\/11\/logo-servicio-tecnico-philips-carusel.webp\" class=\"attachment-full size-full wp-image-12512\" alt=\"\" srcset=\"https:\/\/mundoelectronico.com.co\/tv\/wp-content\/uploads\/2025\/11\/logo-servicio-tecnico-philips-carusel.webp 401w, https:\/\/mundoelectronico.com.co\/tv\/wp-content\/uploads\/2025\/11\/logo-servicio-tecnico-philips-carusel-300x225.webp 300w\" sizes=\"(max-width: 401px) 100vw, 401px\" \/><\/div><div class=\"uael-grid-img-overlay\"><\/div><\/figure><\/div><\/div><div class=\"uael-grid-item  uael-img-gallery-item-4\"><div class=\"uael-grid-item-content\"><figure class=\"uael-grid-img uael-grid-gallery-img uael-ins-hover elementor-clickable\"><div class=\"uael-grid-img-thumbnail uael-ins-target\"><img loading=\"lazy\" decoding=\"async\" width=\"401\" height=\"301\" src=\"https:\/\/mundoelectronico.com.co\/tv\/wp-content\/uploads\/2025\/11\/logo-servicio-tecnico-hisense-carusel.webp\" class=\"attachment-full size-full wp-image-12511\" alt=\"\" srcset=\"https:\/\/mundoelectronico.com.co\/tv\/wp-content\/uploads\/2025\/11\/logo-servicio-tecnico-hisense-carusel.webp 401w, https:\/\/mundoelectronico.com.co\/tv\/wp-content\/uploads\/2025\/11\/logo-servicio-tecnico-hisense-carusel-300x225.webp 300w\" sizes=\"(max-width: 401px) 100vw, 401px\" \/><\/div><div class=\"uael-grid-img-overlay\"><\/div><\/figure><\/div><\/div><div class=\"uael-grid-item  uael-img-gallery-item-5\"><div class=\"uael-grid-item-content\"><figure class=\"uael-grid-img uael-grid-gallery-img uael-ins-hover elementor-clickable\"><div class=\"uael-grid-img-thumbnail uael-ins-target\"><img loading=\"lazy\" decoding=\"async\" width=\"401\" height=\"301\" src=\"https:\/\/mundoelectronico.com.co\/tv\/wp-content\/uploads\/2025\/11\/logo-servicio-tecnico-tcl-carusel.webp\" class=\"attachment-full size-full wp-image-12494\" alt=\"\" srcset=\"https:\/\/mundoelectronico.com.co\/tv\/wp-content\/uploads\/2025\/11\/logo-servicio-tecnico-tcl-carusel.webp 401w, https:\/\/mundoelectronico.com.co\/tv\/wp-content\/uploads\/2025\/11\/logo-servicio-tecnico-tcl-carusel-300x225.webp 300w\" sizes=\"(max-width: 401px) 100vw, 401px\" \/><\/div><div class=\"uael-grid-img-overlay\"><\/div><\/figure><\/div><\/div><div class=\"uael-grid-item  uael-img-gallery-item-6\"><div class=\"uael-grid-item-content\"><figure class=\"uael-grid-img uael-grid-gallery-img uael-ins-hover elementor-clickable\"><div class=\"uael-grid-img-thumbnail uael-ins-target\"><img loading=\"lazy\" decoding=\"async\" width=\"401\" height=\"301\" src=\"https:\/\/mundoelectronico.com.co\/tv\/wp-content\/uploads\/2025\/11\/Servicio-tecnico-kalley.webp\" class=\"attachment-full size-full wp-image-12495\" alt=\"\" srcset=\"https:\/\/mundoelectronico.com.co\/tv\/wp-content\/uploads\/2025\/11\/Servicio-tecnico-kalley.webp 401w, https:\/\/mundoelectronico.com.co\/tv\/wp-content\/uploads\/2025\/11\/Servicio-tecnico-kalley-300x225.webp 300w\" sizes=\"(max-width: 401px) 100vw, 401px\" \/><\/div><div class=\"uael-grid-img-overlay\"><\/div><\/figure><\/div><\/div><div class=\"uael-grid-item  uael-img-gallery-item-7\"><div class=\"uael-grid-item-content\"><figure class=\"uael-grid-img uael-grid-gallery-img uael-ins-hover elementor-clickable\"><div class=\"uael-grid-img-thumbnail uael-ins-target\"><img loading=\"lazy\" decoding=\"async\" width=\"401\" height=\"301\" src=\"https:\/\/mundoelectronico.com.co\/tv\/wp-content\/uploads\/2025\/11\/Servicio-tecnico-panasonic.webp\" class=\"attachment-full size-full wp-image-12501\" alt=\"\" srcset=\"https:\/\/mundoelectronico.com.co\/tv\/wp-content\/uploads\/2025\/11\/Servicio-tecnico-panasonic.webp 401w, https:\/\/mundoelectronico.com.co\/tv\/wp-content\/uploads\/2025\/11\/Servicio-tecnico-panasonic-300x225.webp 300w\" sizes=\"(max-width: 401px) 100vw, 401px\" \/><\/div><div class=\"uael-grid-img-overlay\"><\/div><\/figure><\/div><\/div><div class=\"uael-grid-item  uael-img-gallery-item-8\"><div class=\"uael-grid-item-content\"><figure class=\"uael-grid-img uael-grid-gallery-img uael-ins-hover elementor-clickable\"><div class=\"uael-grid-img-thumbnail uael-ins-target\"><img loading=\"lazy\" decoding=\"async\" width=\"401\" height=\"301\" src=\"https:\/\/mundoelectronico.com.co\/tv\/wp-content\/uploads\/2025\/11\/logo-servicio-tecnico-sony-carusel.webp\" class=\"attachment-full size-full wp-image-12510\" alt=\"\" srcset=\"https:\/\/mundoelectronico.com.co\/tv\/wp-content\/uploads\/2025\/11\/logo-servicio-tecnico-sony-carusel.webp 401w, https:\/\/mundoelectronico.com.co\/tv\/wp-content\/uploads\/2025\/11\/logo-servicio-tecnico-sony-carusel-300x225.webp 300w\" sizes=\"(max-width: 401px) 100vw, 401px\" \/><\/div><div class=\"uael-grid-img-overlay\"><\/div><\/figure><\/div><\/div><\/div><\/div>\t\t\t\t<\/div>\n\t\t\t\t<\/div>\n\t\t\t\t\t<\/div>\n\t\t<\/div>\n\t\t\t\t\t<\/div>\n\t\t<\/section>\n\t\t\t\t<\/div>\n\t\t","protected":false},"excerpt":{"rendered":"<p>Venta de Sonido En Mundo Electr\u00f3nico ofrecemos una completa l\u00ednea de equipos de sonido dise\u00f1ados para brindar potencia, claridad y rendimiento en diferentes ambientes. Contamos con parlantes, amplificadores, barras de sonido, subwoofers, minicomponentes, sistemas de audio para hogares, oficinas y negocios, as\u00ed como equipos port\u00e1tiles ideales para eventos, reuniones y actividades al aire libre. Trabajamos [&hellip;]<\/p>\n","protected":false},"author":1,"featured_media":0,"parent":0,"menu_order":0,"comment_status":"closed","ping_status":"closed","template":"","meta":{"_joinchat":[],"footnotes":""},"folder":[],"class_list":["post-11962","page","type-page","status-publish","hentry"],"_links":{"self":[{"href":"https:\/\/mundoelectronico.com.co\/tv\/wp-json\/wp\/v2\/pages\/11962","targetHints":{"allow":["GET"]}}],"collection":[{"href":"https:\/\/mundoelectronico.com.co\/tv\/wp-json\/wp\/v2\/pages"}],"about":[{"href":"https:\/\/mundoelectronico.com.co\/tv\/wp-json\/wp\/v2\/types\/page"}],"author":[{"embeddable":true,"href":"https:\/\/mundoelectronico.com.co\/tv\/wp-json\/wp\/v2\/users\/1"}],"replies":[{"embeddable":true,"href":"https:\/\/mundoelectronico.com.co\/tv\/wp-json\/wp\/v2\/comments?post=11962"}],"version-history":[{"count":0,"href":"https:\/\/mundoelectronico.com.co\/tv\/wp-json\/wp\/v2\/pages\/11962\/revisions"}],"wp:attachment":[{"href":"https:\/\/mundoelectronico.com.co\/tv\/wp-json\/wp\/v2\/media?parent=11962"}],"wp:term":[{"taxonomy":"folder","embeddable":true,"href":"https:\/\/mundoelectronico.com.co\/tv\/wp-json\/wp\/v2\/folder?post=11962"}],"curies":[{"name":"wp","href":"https:\/\/api.w.org\/{rel}","templated":true}]}}