{"id":11935,"date":"2025-11-08T19:46:34","date_gmt":"2025-11-09T00:46:34","guid":{"rendered":"https:\/\/geotecnicasdelnorte.com\/sas\/?page_id=11935"},"modified":"2025-11-24T22:46:17","modified_gmt":"2025-11-25T03:46:17","slug":"venta-de-avisos-led-programables","status":"publish","type":"page","link":"https:\/\/mundoelectronico.com.co\/tv\/venta-de-avisos-led-programables\/","title":{"rendered":"Venta de avisos led programables"},"content":{"rendered":"\t\t<div data-elementor-type=\"wp-page\" data-elementor-id=\"11935\" class=\"elementor elementor-11935\">\n\t\t\t\t\t\t<section data-uael-partstyle=\"nasa\" data-uael-partcolor=\"\" data-uael-partopacity=\"\" data-uael-partdirection=\"bottom\" class=\"elementor-section elementor-top-section elementor-element elementor-element-30bce49 elementor-section-full_width elementor-section-height-min-height elementor-section-stretched uael-particle-yes elementor-section-height-default elementor-section-items-middle uael-particle-adv-no\" data-id=\"30bce49\" data-element_type=\"section\" data-settings=\"{&quot;stretch_section&quot;:&quot;section-stretched&quot;,&quot;background_background&quot;:&quot;video&quot;,&quot;background_play_on_mobile&quot;:&quot;yes&quot;,&quot;background_video_link&quot;:&quot;https:\\\/\\\/www.youtube.com\\\/watch?v=cMdX9t_MXag&quot;}\">\n\t\t\t\t\t\t\t\t<div class=\"elementor-background-video-container\" aria-hidden=\"true\">\n\t\t\t\t\t\t\t\t\t\t\t\t\t<div class=\"elementor-background-video-embed\"><\/div>\n\t\t\t\t\t\t\t\t\t\t\t\t<\/div>\n\t\t\t\t\t\t\t\t\t<div class=\"elementor-background-overlay\"><\/div>\n\t\t\t\t\t\t\t<div class=\"elementor-container elementor-column-gap-default\">\n\t\t\t\t\t<div class=\"elementor-column elementor-col-100 elementor-top-column elementor-element elementor-element-39d4587\" data-id=\"39d4587\" data-element_type=\"column\">\n\t\t\t<div class=\"elementor-widget-wrap elementor-element-populated\">\n\t\t\t\t\t\t<div class=\"elementor-element elementor-element-0a02280 elementor-widget elementor-widget-heading\" data-id=\"0a02280\" data-element_type=\"widget\" data-widget_type=\"heading.default\">\n\t\t\t\t<div class=\"elementor-widget-container\">\n\t\t\t\t\t<h2 class=\"elementor-heading-title elementor-size-default\">Venta de Avisos Led Programables<\/h2>\t\t\t\t<\/div>\n\t\t\t\t<\/div>\n\t\t\t\t\t<\/div>\n\t\t<\/div>\n\t\t\t\t\t<\/div>\n\t\t<\/section>\n\t\t\t\t<section class=\"elementor-section elementor-top-section elementor-element elementor-element-ffc4707 elementor-section-full_width elementor-section-stretched elementor-section-height-default elementor-section-height-default\" data-id=\"ffc4707\" data-element_type=\"section\" data-settings=\"{&quot;stretch_section&quot;:&quot;section-stretched&quot;,&quot;background_background&quot;:&quot;classic&quot;}\">\n\t\t\t\t\t\t<div class=\"elementor-container elementor-column-gap-default\">\n\t\t\t\t\t<div class=\"elementor-column elementor-col-100 elementor-top-column elementor-element elementor-element-009f060\" data-id=\"009f060\" data-element_type=\"column\">\n\t\t\t<div class=\"elementor-widget-wrap elementor-element-populated\">\n\t\t\t\t\t\t<section class=\"elementor-section elementor-inner-section elementor-element elementor-element-d7b10fa elementor-section-boxed elementor-section-height-default elementor-section-height-default\" data-id=\"d7b10fa\" data-element_type=\"section\">\n\t\t\t\t\t\t<div class=\"elementor-container elementor-column-gap-wider\">\n\t\t\t\t\t<div class=\"elementor-column elementor-col-50 elementor-inner-column elementor-element elementor-element-659f60f elementor-invisible\" data-id=\"659f60f\" data-element_type=\"column\" data-settings=\"{&quot;animation&quot;:&quot;fadeInLeft&quot;,&quot;animation_delay&quot;:500}\">\n\t\t\t<div class=\"elementor-widget-wrap elementor-element-populated\">\n\t\t\t\t\t\t<div class=\"elementor-element elementor-element-04dd20a uael-img-carousel-arrow-inside uael-ins-normal elementor-widget elementor-widget-uael-image-gallery\" data-id=\"04dd20a\" data-element_type=\"widget\" data-settings=\"{&quot;slides_to_show&quot;:1,&quot;slides_to_scroll&quot;:0,&quot;slides_to_show_tablet&quot;:3,&quot;slides_to_show_mobile&quot;:2,&quot;slides_to_scroll_tablet&quot;:1,&quot;slides_to_scroll_mobile&quot;:1,&quot;column_gap&quot;:{&quot;unit&quot;:&quot;px&quot;,&quot;size&quot;:20,&quot;sizes&quot;:[]},&quot;column_gap_tablet&quot;:{&quot;unit&quot;:&quot;px&quot;,&quot;size&quot;:&quot;&quot;,&quot;sizes&quot;:[]},&quot;column_gap_mobile&quot;:{&quot;unit&quot;:&quot;px&quot;,&quot;size&quot;:&quot;&quot;,&quot;sizes&quot;:[]}}\" data-widget_type=\"uael-image-gallery.default\">\n\t\t\t\t<div class=\"elementor-widget-container\">\n\t\t\t\t\t<div class=\"uael-gallery-parent uael-caption- uael-gallery-unjustified\"><div data-image_carousel=\"{&quot;slidesToShow&quot;:1,&quot;slidesToScroll&quot;:1,&quot;autoplaySpeed&quot;:5000,&quot;autoplay&quot;:true,&quot;infinite&quot;:true,&quot;pauseOnHover&quot;:true,&quot;speed&quot;:400,&quot;arrows&quot;:true,&quot;dots&quot;:false,&quot;rtl&quot;:false,&quot;responsive&quot;:[{&quot;breakpoint&quot;:1024,&quot;settings&quot;:{&quot;slidesToShow&quot;:3,&quot;slidesToScroll&quot;:1}},{&quot;breakpoint&quot;:767,&quot;settings&quot;:{&quot;slidesToShow&quot;:2,&quot;slidesToScroll&quot;:1}}]}\" class=\"uael-img-gallery-wrap uael-img-carousel-wrap uael-nav-arrows\" data-filter-default=\"All\"><div class=\"uael-grid-item  uael-img-gallery-item-1\"><div class=\"uael-grid-item-content\"><figure class=\"uael-grid-img uael-grid-gallery-img uael-ins-hover elementor-clickable\"><div class=\"uael-grid-img-thumbnail uael-ins-target\"><img fetchpriority=\"high\" decoding=\"async\" width=\"749\" height=\"563\" src=\"https:\/\/mundoelectronico.com.co\/tv\/wp-content\/uploads\/2025\/11\/led_programables1.jpg\" class=\"attachment-full size-full wp-image-12342\" alt=\"\" srcset=\"https:\/\/mundoelectronico.com.co\/tv\/wp-content\/uploads\/2025\/11\/led_programables1.jpg 749w, https:\/\/mundoelectronico.com.co\/tv\/wp-content\/uploads\/2025\/11\/led_programables1-300x226.jpg 300w\" sizes=\"(max-width: 749px) 100vw, 749px\" \/><\/div><div class=\"uael-grid-img-overlay\"><\/div><\/figure><\/div><\/div><div class=\"uael-grid-item  uael-img-gallery-item-2\"><div class=\"uael-grid-item-content\"><figure class=\"uael-grid-img uael-grid-gallery-img uael-ins-hover elementor-clickable\"><div class=\"uael-grid-img-thumbnail uael-ins-target\"><img decoding=\"async\" width=\"1600\" height=\"1600\" src=\"https:\/\/mundoelectronico.com.co\/tv\/wp-content\/uploads\/2025\/11\/led_programables3.jpg\" class=\"attachment-full size-full wp-image-12358\" alt=\"\" srcset=\"https:\/\/mundoelectronico.com.co\/tv\/wp-content\/uploads\/2025\/11\/led_programables3.jpg 1600w, https:\/\/mundoelectronico.com.co\/tv\/wp-content\/uploads\/2025\/11\/led_programables3-300x300.jpg 300w, https:\/\/mundoelectronico.com.co\/tv\/wp-content\/uploads\/2025\/11\/led_programables3-1024x1024.jpg 1024w, https:\/\/mundoelectronico.com.co\/tv\/wp-content\/uploads\/2025\/11\/led_programables3-150x150.jpg 150w, https:\/\/mundoelectronico.com.co\/tv\/wp-content\/uploads\/2025\/11\/led_programables3-768x768.jpg 768w, https:\/\/mundoelectronico.com.co\/tv\/wp-content\/uploads\/2025\/11\/led_programables3-1536x1536.jpg 1536w, https:\/\/mundoelectronico.com.co\/tv\/wp-content\/uploads\/2025\/11\/led_programables3-70x70.jpg 70w\" sizes=\"(max-width: 1600px) 100vw, 1600px\" \/><\/div><div class=\"uael-grid-img-overlay\"><\/div><\/figure><\/div><\/div><div class=\"uael-grid-item  uael-img-gallery-item-3\"><div class=\"uael-grid-item-content\"><figure class=\"uael-grid-img uael-grid-gallery-img uael-ins-hover elementor-clickable\"><div class=\"uael-grid-img-thumbnail uael-ins-target\"><img decoding=\"async\" width=\"749\" height=\"563\" src=\"https:\/\/mundoelectronico.com.co\/tv\/wp-content\/uploads\/2025\/11\/led_programables2.jpg\" class=\"attachment-full size-full wp-image-12343\" alt=\"\" srcset=\"https:\/\/mundoelectronico.com.co\/tv\/wp-content\/uploads\/2025\/11\/led_programables2.jpg 749w, https:\/\/mundoelectronico.com.co\/tv\/wp-content\/uploads\/2025\/11\/led_programables2-300x226.jpg 300w\" sizes=\"(max-width: 749px) 100vw, 749px\" \/><\/div><div class=\"uael-grid-img-overlay\"><\/div><\/figure><\/div><\/div><\/div><\/div>\t\t\t\t<\/div>\n\t\t\t\t<\/div>\n\t\t\t\t\t<\/div>\n\t\t<\/div>\n\t\t\t\t<div class=\"elementor-column elementor-col-50 elementor-inner-column elementor-element elementor-element-447a5e3 elementor-invisible\" data-id=\"447a5e3\" data-element_type=\"column\" data-settings=\"{&quot;animation&quot;:&quot;fadeInRight&quot;,&quot;animation_delay&quot;:800,&quot;background_background&quot;:&quot;classic&quot;}\">\n\t\t\t<div class=\"elementor-widget-wrap elementor-element-populated\">\n\t\t\t\t\t<div class=\"elementor-background-overlay\"><\/div>\n\t\t\t\t\t\t<div class=\"elementor-element elementor-element-cd4b9cb elementor-widget elementor-widget-text-editor\" data-id=\"cd4b9cb\" data-element_type=\"widget\" data-widget_type=\"text-editor.default\">\n\t\t\t\t<div class=\"elementor-widget-container\">\n\t\t\t\t\t\t\t\t\t<p style=\"text-align: justify;\" data-start=\"386\" data-end=\"804\">En <em data-start=\"389\" data-end=\"408\">Mundo Electr\u00f3nico<\/em> ofrecemos avisos LED programables ideales para negocios, oficinas y establecimientos que buscan atraer la atenci\u00f3n de sus clientes de manera moderna, visible y din\u00e1mica. Contamos con una amplia variedad de pantallas LED en diferentes tama\u00f1os, resoluciones y colores, dise\u00f1adas para funcionar tanto en interiores como en exteriores con excelente brillo y visibilidad, incluso bajo la luz del d\u00eda.<\/p>\t\t\t\t\t\t\t\t<\/div>\n\t\t\t\t<\/div>\n\t\t\t\t\t<\/div>\n\t\t<\/div>\n\t\t\t\t\t<\/div>\n\t\t<\/section>\n\t\t\t\t<section class=\"elementor-section elementor-inner-section elementor-element elementor-element-90c247c elementor-section-boxed elementor-section-height-default elementor-section-height-default\" data-id=\"90c247c\" data-element_type=\"section\">\n\t\t\t\t\t\t<div class=\"elementor-container elementor-column-gap-wider\">\n\t\t\t\t\t<div class=\"elementor-column elementor-col-100 elementor-inner-column elementor-element elementor-element-24390c6 elementor-invisible\" data-id=\"24390c6\" data-element_type=\"column\" data-settings=\"{&quot;animation&quot;:&quot;fadeInRight&quot;,&quot;animation_delay&quot;:800,&quot;background_background&quot;:&quot;classic&quot;}\">\n\t\t\t<div class=\"elementor-widget-wrap elementor-element-populated\">\n\t\t\t\t\t<div class=\"elementor-background-overlay\"><\/div>\n\t\t\t\t\t\t<div class=\"elementor-element elementor-element-49d419e elementor-widget elementor-widget-text-editor\" data-id=\"49d419e\" data-element_type=\"widget\" data-widget_type=\"text-editor.default\">\n\t\t\t\t<div class=\"elementor-widget-container\">\n\t\t\t\t\t\t\t\t\t<p style=\"text-align: justify;\" data-start=\"806\" data-end=\"1205\">Nuestros avisos permiten programar textos, animaciones, horarios, promociones y mensajes personalizados a trav\u00e9s de software intuitivo o control remoto, lo que facilita actualizar la informaci\u00f3n en segundos. Disponemos de modelos monocrom\u00e1ticos, bicolor y full color, ajustables en intensidad, velocidad y efectos, para crear presentaciones llamativas y profesionales seg\u00fan la necesidad del cliente.<\/p><p style=\"text-align: justify;\" data-start=\"1207\" data-end=\"1559\">Cada equipo se entrega probado, calibrado y listo para usar. Adem\u00e1s, ofrecemos instalaci\u00f3n profesional, configuraci\u00f3n inicial y capacitaci\u00f3n b\u00e1sica para que puedas manejar tu aviso sin complicaciones. Nuestros productos cuentan con materiales resistentes, bajo consumo energ\u00e9tico y alta durabilidad, garantizando un funcionamiento continuo y confiable.<\/p><p style=\"text-align: justify;\" data-start=\"1561\" data-end=\"1763\">Nuestro objetivo es brindarte soluciones visuales innovadoras que impulsen la imagen de tu negocio, aumenten la visibilidad de tus servicios y te permitan comunicarte de forma efectiva con tus clientes.<\/p>\t\t\t\t\t\t\t\t<\/div>\n\t\t\t\t<\/div>\n\t\t\t\t\t<\/div>\n\t\t<\/div>\n\t\t\t\t\t<\/div>\n\t\t<\/section>\n\t\t\t\t\t<\/div>\n\t\t<\/div>\n\t\t\t\t\t<\/div>\n\t\t<\/section>\n\t\t\t\t<section class=\"elementor-section elementor-top-section elementor-element elementor-element-d6bb464 elementor-section-boxed elementor-section-height-default elementor-section-height-default elementor-invisible\" data-id=\"d6bb464\" data-element_type=\"section\" data-settings=\"{&quot;animation&quot;:&quot;fadeInLeft&quot;,&quot;animation_delay&quot;:500}\">\n\t\t\t\t\t\t<div class=\"elementor-container elementor-column-gap-default\">\n\t\t\t\t\t<div class=\"elementor-column elementor-col-100 elementor-top-column elementor-element elementor-element-e999aab\" data-id=\"e999aab\" data-element_type=\"column\">\n\t\t\t<div class=\"elementor-widget-wrap elementor-element-populated\">\n\t\t\t\t\t\t<div class=\"elementor-element elementor-element-473fc2f elementor-widget elementor-widget-heading\" data-id=\"473fc2f\" data-element_type=\"widget\" data-widget_type=\"heading.default\">\n\t\t\t\t<div class=\"elementor-widget-container\">\n\t\t\t\t\t<h2 class=\"elementor-heading-title elementor-size-default\">Soporte especializado para las principales marcas de TV<\/h2>\t\t\t\t<\/div>\n\t\t\t\t<\/div>\n\t\t\t\t\t<\/div>\n\t\t<\/div>\n\t\t\t\t\t<\/div>\n\t\t<\/section>\n\t\t\t\t<section class=\"elementor-section elementor-top-section elementor-element elementor-element-6f1f4cb elementor-section-boxed elementor-section-height-default elementor-section-height-default elementor-invisible\" data-id=\"6f1f4cb\" data-element_type=\"section\" data-settings=\"{&quot;animation&quot;:&quot;fadeInRight&quot;,&quot;animation_delay&quot;:800}\">\n\t\t\t\t\t\t<div class=\"elementor-container elementor-column-gap-default\">\n\t\t\t\t\t<div class=\"elementor-column elementor-col-100 elementor-top-column elementor-element elementor-element-67b6e0d\" data-id=\"67b6e0d\" data-element_type=\"column\">\n\t\t\t<div class=\"elementor-widget-wrap elementor-element-populated\">\n\t\t\t\t\t\t<div class=\"elementor-element elementor-element-8095e91 uael-img-carousel-arrow-inside uael-ins-normal elementor-widget elementor-widget-uael-image-gallery\" data-id=\"8095e91\" data-element_type=\"widget\" data-settings=\"{&quot;slides_to_scroll&quot;:0,&quot;slides_to_show&quot;:4,&quot;slides_to_show_tablet&quot;:3,&quot;slides_to_show_mobile&quot;:2,&quot;slides_to_scroll_tablet&quot;:1,&quot;slides_to_scroll_mobile&quot;:1,&quot;column_gap&quot;:{&quot;unit&quot;:&quot;px&quot;,&quot;size&quot;:20,&quot;sizes&quot;:[]},&quot;column_gap_tablet&quot;:{&quot;unit&quot;:&quot;px&quot;,&quot;size&quot;:&quot;&quot;,&quot;sizes&quot;:[]},&quot;column_gap_mobile&quot;:{&quot;unit&quot;:&quot;px&quot;,&quot;size&quot;:&quot;&quot;,&quot;sizes&quot;:[]}}\" data-widget_type=\"uael-image-gallery.default\">\n\t\t\t\t<div class=\"elementor-widget-container\">\n\t\t\t\t\t<div class=\"uael-gallery-parent uael-caption- uael-gallery-unjustified\"><div data-image_carousel=\"{&quot;slidesToShow&quot;:4,&quot;slidesToScroll&quot;:1,&quot;autoplaySpeed&quot;:5000,&quot;autoplay&quot;:true,&quot;infinite&quot;:true,&quot;pauseOnHover&quot;:true,&quot;speed&quot;:400,&quot;arrows&quot;:true,&quot;dots&quot;:false,&quot;rtl&quot;:false,&quot;responsive&quot;:[{&quot;breakpoint&quot;:1024,&quot;settings&quot;:{&quot;slidesToShow&quot;:3,&quot;slidesToScroll&quot;:1}},{&quot;breakpoint&quot;:767,&quot;settings&quot;:{&quot;slidesToShow&quot;:2,&quot;slidesToScroll&quot;:1}}]}\" class=\"uael-img-gallery-wrap uael-img-carousel-wrap uael-nav-arrows\" data-filter-default=\"All\"><div class=\"uael-grid-item  uael-img-gallery-item-1\"><div class=\"uael-grid-item-content\"><figure class=\"uael-grid-img uael-grid-gallery-img uael-ins-hover elementor-clickable\"><div class=\"uael-grid-img-thumbnail uael-ins-target\"><img loading=\"lazy\" decoding=\"async\" width=\"401\" height=\"301\" src=\"https:\/\/mundoelectronico.com.co\/tv\/wp-content\/uploads\/2025\/11\/logo-servicio-tecnico-lg-carusel.webp\" class=\"attachment-full size-full wp-image-12514\" alt=\"\" srcset=\"https:\/\/mundoelectronico.com.co\/tv\/wp-content\/uploads\/2025\/11\/logo-servicio-tecnico-lg-carusel.webp 401w, https:\/\/mundoelectronico.com.co\/tv\/wp-content\/uploads\/2025\/11\/logo-servicio-tecnico-lg-carusel-300x225.webp 300w\" sizes=\"(max-width: 401px) 100vw, 401px\" \/><\/div><div class=\"uael-grid-img-overlay\"><\/div><\/figure><\/div><\/div><div class=\"uael-grid-item  uael-img-gallery-item-2\"><div class=\"uael-grid-item-content\"><figure class=\"uael-grid-img uael-grid-gallery-img uael-ins-hover elementor-clickable\"><div class=\"uael-grid-img-thumbnail uael-ins-target\"><img loading=\"lazy\" decoding=\"async\" width=\"401\" height=\"301\" src=\"https:\/\/mundoelectronico.com.co\/tv\/wp-content\/uploads\/2025\/11\/logo-servicio-tecnico-samsung-carusel.webp\" class=\"attachment-full size-full wp-image-12513\" alt=\"\" srcset=\"https:\/\/mundoelectronico.com.co\/tv\/wp-content\/uploads\/2025\/11\/logo-servicio-tecnico-samsung-carusel.webp 401w, https:\/\/mundoelectronico.com.co\/tv\/wp-content\/uploads\/2025\/11\/logo-servicio-tecnico-samsung-carusel-300x225.webp 300w\" sizes=\"(max-width: 401px) 100vw, 401px\" \/><\/div><div class=\"uael-grid-img-overlay\"><\/div><\/figure><\/div><\/div><div class=\"uael-grid-item  uael-img-gallery-item-3\"><div class=\"uael-grid-item-content\"><figure class=\"uael-grid-img uael-grid-gallery-img uael-ins-hover elementor-clickable\"><div class=\"uael-grid-img-thumbnail uael-ins-target\"><img loading=\"lazy\" decoding=\"async\" width=\"401\" height=\"301\" src=\"https:\/\/mundoelectronico.com.co\/tv\/wp-content\/uploads\/2025\/11\/logo-servicio-tecnico-philips-carusel.webp\" class=\"attachment-full size-full wp-image-12512\" alt=\"\" srcset=\"https:\/\/mundoelectronico.com.co\/tv\/wp-content\/uploads\/2025\/11\/logo-servicio-tecnico-philips-carusel.webp 401w, https:\/\/mundoelectronico.com.co\/tv\/wp-content\/uploads\/2025\/11\/logo-servicio-tecnico-philips-carusel-300x225.webp 300w\" sizes=\"(max-width: 401px) 100vw, 401px\" \/><\/div><div class=\"uael-grid-img-overlay\"><\/div><\/figure><\/div><\/div><div class=\"uael-grid-item  uael-img-gallery-item-4\"><div class=\"uael-grid-item-content\"><figure class=\"uael-grid-img uael-grid-gallery-img uael-ins-hover elementor-clickable\"><div class=\"uael-grid-img-thumbnail uael-ins-target\"><img loading=\"lazy\" decoding=\"async\" width=\"401\" height=\"301\" src=\"https:\/\/mundoelectronico.com.co\/tv\/wp-content\/uploads\/2025\/11\/logo-servicio-tecnico-hisense-carusel.webp\" class=\"attachment-full size-full wp-image-12511\" alt=\"\" srcset=\"https:\/\/mundoelectronico.com.co\/tv\/wp-content\/uploads\/2025\/11\/logo-servicio-tecnico-hisense-carusel.webp 401w, https:\/\/mundoelectronico.com.co\/tv\/wp-content\/uploads\/2025\/11\/logo-servicio-tecnico-hisense-carusel-300x225.webp 300w\" sizes=\"(max-width: 401px) 100vw, 401px\" \/><\/div><div class=\"uael-grid-img-overlay\"><\/div><\/figure><\/div><\/div><div class=\"uael-grid-item  uael-img-gallery-item-5\"><div class=\"uael-grid-item-content\"><figure class=\"uael-grid-img uael-grid-gallery-img uael-ins-hover elementor-clickable\"><div class=\"uael-grid-img-thumbnail uael-ins-target\"><img loading=\"lazy\" decoding=\"async\" width=\"401\" height=\"301\" src=\"https:\/\/mundoelectronico.com.co\/tv\/wp-content\/uploads\/2025\/11\/logo-servicio-tecnico-tcl-carusel.webp\" class=\"attachment-full size-full wp-image-12494\" alt=\"\" srcset=\"https:\/\/mundoelectronico.com.co\/tv\/wp-content\/uploads\/2025\/11\/logo-servicio-tecnico-tcl-carusel.webp 401w, https:\/\/mundoelectronico.com.co\/tv\/wp-content\/uploads\/2025\/11\/logo-servicio-tecnico-tcl-carusel-300x225.webp 300w\" sizes=\"(max-width: 401px) 100vw, 401px\" \/><\/div><div class=\"uael-grid-img-overlay\"><\/div><\/figure><\/div><\/div><div class=\"uael-grid-item  uael-img-gallery-item-6\"><div class=\"uael-grid-item-content\"><figure class=\"uael-grid-img uael-grid-gallery-img uael-ins-hover elementor-clickable\"><div class=\"uael-grid-img-thumbnail uael-ins-target\"><img loading=\"lazy\" decoding=\"async\" width=\"401\" height=\"301\" src=\"https:\/\/mundoelectronico.com.co\/tv\/wp-content\/uploads\/2025\/11\/Servicio-tecnico-kalley.webp\" class=\"attachment-full size-full wp-image-12495\" alt=\"\" srcset=\"https:\/\/mundoelectronico.com.co\/tv\/wp-content\/uploads\/2025\/11\/Servicio-tecnico-kalley.webp 401w, https:\/\/mundoelectronico.com.co\/tv\/wp-content\/uploads\/2025\/11\/Servicio-tecnico-kalley-300x225.webp 300w\" sizes=\"(max-width: 401px) 100vw, 401px\" \/><\/div><div class=\"uael-grid-img-overlay\"><\/div><\/figure><\/div><\/div><div class=\"uael-grid-item  uael-img-gallery-item-7\"><div class=\"uael-grid-item-content\"><figure class=\"uael-grid-img uael-grid-gallery-img uael-ins-hover elementor-clickable\"><div class=\"uael-grid-img-thumbnail uael-ins-target\"><img loading=\"lazy\" decoding=\"async\" width=\"401\" height=\"301\" src=\"https:\/\/mundoelectronico.com.co\/tv\/wp-content\/uploads\/2025\/11\/Servicio-tecnico-panasonic.webp\" class=\"attachment-full size-full wp-image-12501\" alt=\"\" srcset=\"https:\/\/mundoelectronico.com.co\/tv\/wp-content\/uploads\/2025\/11\/Servicio-tecnico-panasonic.webp 401w, https:\/\/mundoelectronico.com.co\/tv\/wp-content\/uploads\/2025\/11\/Servicio-tecnico-panasonic-300x225.webp 300w\" sizes=\"(max-width: 401px) 100vw, 401px\" \/><\/div><div class=\"uael-grid-img-overlay\"><\/div><\/figure><\/div><\/div><div class=\"uael-grid-item  uael-img-gallery-item-8\"><div class=\"uael-grid-item-content\"><figure class=\"uael-grid-img uael-grid-gallery-img uael-ins-hover elementor-clickable\"><div class=\"uael-grid-img-thumbnail uael-ins-target\"><img loading=\"lazy\" decoding=\"async\" width=\"401\" height=\"301\" src=\"https:\/\/mundoelectronico.com.co\/tv\/wp-content\/uploads\/2025\/11\/logo-servicio-tecnico-sony-carusel.webp\" class=\"attachment-full size-full wp-image-12510\" alt=\"\" srcset=\"https:\/\/mundoelectronico.com.co\/tv\/wp-content\/uploads\/2025\/11\/logo-servicio-tecnico-sony-carusel.webp 401w, https:\/\/mundoelectronico.com.co\/tv\/wp-content\/uploads\/2025\/11\/logo-servicio-tecnico-sony-carusel-300x225.webp 300w\" sizes=\"(max-width: 401px) 100vw, 401px\" \/><\/div><div class=\"uael-grid-img-overlay\"><\/div><\/figure><\/div><\/div><\/div><\/div>\t\t\t\t<\/div>\n\t\t\t\t<\/div>\n\t\t\t\t\t<\/div>\n\t\t<\/div>\n\t\t\t\t\t<\/div>\n\t\t<\/section>\n\t\t\t\t<\/div>\n\t\t","protected":false},"excerpt":{"rendered":"<p>Venta de Avisos Led Programables En Mundo Electr\u00f3nico ofrecemos avisos LED programables ideales para negocios, oficinas y establecimientos que buscan atraer la atenci\u00f3n de sus clientes de manera moderna, visible y din\u00e1mica. Contamos con una amplia variedad de pantallas LED en diferentes tama\u00f1os, resoluciones y colores, dise\u00f1adas para funcionar tanto en interiores como en exteriores [&hellip;]<\/p>\n","protected":false},"author":1,"featured_media":0,"parent":0,"menu_order":0,"comment_status":"closed","ping_status":"closed","template":"","meta":{"_joinchat":[],"footnotes":""},"folder":[],"class_list":["post-11935","page","type-page","status-publish","hentry"],"_links":{"self":[{"href":"https:\/\/mundoelectronico.com.co\/tv\/wp-json\/wp\/v2\/pages\/11935","targetHints":{"allow":["GET"]}}],"collection":[{"href":"https:\/\/mundoelectronico.com.co\/tv\/wp-json\/wp\/v2\/pages"}],"about":[{"href":"https:\/\/mundoelectronico.com.co\/tv\/wp-json\/wp\/v2\/types\/page"}],"author":[{"embeddable":true,"href":"https:\/\/mundoelectronico.com.co\/tv\/wp-json\/wp\/v2\/users\/1"}],"replies":[{"embeddable":true,"href":"https:\/\/mundoelectronico.com.co\/tv\/wp-json\/wp\/v2\/comments?post=11935"}],"version-history":[{"count":0,"href":"https:\/\/mundoelectronico.com.co\/tv\/wp-json\/wp\/v2\/pages\/11935\/revisions"}],"wp:attachment":[{"href":"https:\/\/mundoelectronico.com.co\/tv\/wp-json\/wp\/v2\/media?parent=11935"}],"wp:term":[{"taxonomy":"folder","embeddable":true,"href":"https:\/\/mundoelectronico.com.co\/tv\/wp-json\/wp\/v2\/folder?post=11935"}],"curies":[{"name":"wp","href":"https:\/\/api.w.org\/{rel}","templated":true}]}}